{"id":2833,"date":"2019-07-09T14:54:02","date_gmt":"2019-07-09T14:54:02","guid":{"rendered":"https:\/\/moroccodematravel.com\/wp\/?page_id=2833"},"modified":"2019-07-22T15:08:29","modified_gmt":"2019-07-22T15:08:29","slug":"quienes-somos","status":"publish","type":"page","link":"https:\/\/moroccodematravel.com\/es\/quienes-somos\/","title":{"rendered":"Quienes Somos"},"content":{"rendered":"<p><strong>Morocco Dema Travel<\/strong> es una empresa marroqu\u00ed de gesti\u00f3n de destinos y eventos dirigida por un equipo joven de agentes de viajes marroqu\u00edes altamente profesionales. El objetivo principal de nuestra empresa es ayudar a cada viajero a planificar sus vacaciones de toda la vida a uno de los destinos m\u00e1s ex\u00f3ticos del mundo.<\/p>\n<p>Nuestros servicios var\u00edan desde tours personalizados cuidadosamente dise\u00f1ados hasta salidas compartidas para grupos peque\u00f1os y grandes. Tenemos buenas vacaciones para golfistas, observadores de aves, surfistas, etc. Tambi\u00e9n tenemos mucho que ofrecer a los viajeros que buscan unas vacaciones \u00fanicas, experiencias culinarias, retiros de luna de miel o excursiones en tierra. Adem\u00e1s, contamos con agentes altamente motivados y especializados en Reuniones, Incentivos, Congresos y Eventos (MICE). En resumen, nuestra amplia experiencia en el sector tur\u00edstico y nuestro amor incondicional por nuestro pa\u00eds (Marruecos) nos permiten satisfacer todas sus expectativas. Prestamos atenci\u00f3n a los detalles m\u00e1s peque\u00f1os para asegurarnos de que estamos al tanto de todos los detalles de su viaje.<\/p>\n<p>En lo que respecta a Marruecos, el pa\u00eds es un destino inspirador gracias a su asombrosa geograf\u00eda, gran historia y una poblaci\u00f3n muy diversa. El pa\u00eds est\u00e1 situado en el extremo noroeste de \u00c1frica del Norte. Limita al sur y al este con Mauritania y Argelia, al norte con el mar Mediterr\u00e1neo y Espa\u00f1a y al oeste con el oc\u00e9ano Atl\u00e1ntico. Marruecos es bien conocido por sus monta\u00f1as del Atlas, el vasto desierto del Sahara y sus grandes valles y oasis. De hecho, Marruecos es uno de los pa\u00edses m\u00e1s raros en los que se pueden experimentar paisajes contrastantes y, sin embargo, muy sorprendentes en un solo viaje. La geograf\u00eda de Marruecos tiene mucho que ofrecer a todo el mundo.<\/p>\n<p>En cuanto a la historia del pa\u00eds, la evidencia arqueol\u00f3gica demuestra que los amazigh (el pueblo ind\u00edgena) habitaron la regi\u00f3n unos dos mil a\u00f1os antes de la colonizaci\u00f3n fenicia de la zona entre los siglos VIII y VI a.C. Los monarcas ind\u00edgenas amazigh (bereberes) gobernaron la zona desde el siglo III a.C. hasta el a\u00f1o 40 a.C., cuando fue anexionada al Imperio Romano. Los musulmanes conquistaron la regi\u00f3n a principios del siglo VIII d.C., y el Estado marroqu\u00ed en el sentido moderno del t\u00e9rmino se estableci\u00f3 medio siglo despu\u00e9s. Hoy en d\u00eda Marruecos es una mezcla de todas estas antiguas civilizaciones y las modernas.<\/p>\n<p>La econom\u00eda marroqu\u00ed se basa principalmente en la agricultura y el turismo. El pa\u00eds est\u00e1 abierto al mercado internacional gracias a sus puertos tanto en el Oc\u00e9ano Atl\u00e1ntico como en el Mar Mediterr\u00e1neo. En este sentido, la venta de pescado y marisco junto con la venta de determinadas verduras y frutas son la piedra angular de este comercio. La mayor\u00eda de la poblaci\u00f3n es Muslum. Los jud\u00edos y los cristianos son minor\u00edas, pero su papel en la sociedad marroqu\u00ed es vital. La sociedad marroqu\u00ed es muy diversa e interrelacionada y sus principales componentes son los amazigh, los \u00e1rabes y los jud\u00edos.<\/p>\n<p>En resumen, Marruecos est\u00e1 profundamente arraigado en la historia y sus ramas est\u00e1n muy abiertas al mundo moderno. Casi todo el mundo sabe hoy en d\u00eda que Marruecos es uno de los destinos m\u00e1s ex\u00f3ticos. Nosotros en travel over marruecos estamos felices de ser las manos m\u00e1s seguras en las que usted puede confiar sus vacaciones. Nuestras vacaciones en Marruecos est\u00e1n aqu\u00ed para inspirarte a que te acerques y explores, experimentes y disfrutes de este hermoso pa\u00eds. Viajar por Marruecos es una gu\u00eda maravillosa de nuestro pa\u00eds de maravillas&#8230;.<\/p>\n<h2 style=\"text-align: center;\"><em><strong>Bienvenido a Marruecos!<\/strong><\/em><\/h2>\n","protected":false},"excerpt":{"rendered":"<p>Morocco Dema Travel es una empresa marroqu\u00ed de gesti\u00f3n de&hellip;<\/p>\n","protected":false},"author":1,"featured_media":0,"parent":0,"menu_order":0,"comment_status":"closed","ping_status":"closed","template":"","meta":{"ngg_post_thumbnail":0},"_links":{"self":[{"href":"https:\/\/moroccodematravel.com\/es\/wp-json\/wp\/v2\/pages\/2833"}],"collection":[{"href":"https:\/\/moroccodematravel.com\/es\/wp-json\/wp\/v2\/pages"}],"about":[{"href":"https:\/\/moroccodematravel.com\/es\/wp-json\/wp\/v2\/types\/page"}],"author":[{"embeddable":true,"href":"https:\/\/moroccodematravel.com\/es\/wp-json\/wp\/v2\/users\/1"}],"replies":[{"embeddable":true,"href":"https:\/\/moroccodematravel.com\/es\/wp-json\/wp\/v2\/comments?post=2833"}],"version-history":[{"count":6,"href":"https:\/\/moroccodematravel.com\/es\/wp-json\/wp\/v2\/pages\/2833\/revisions"}],"predecessor-version":[{"id":3157,"href":"https:\/\/moroccodematravel.com\/es\/wp-json\/wp\/v2\/pages\/2833\/revisions\/3157"}],"wp:attachment":[{"href":"https:\/\/moroccodematravel.com\/es\/wp-json\/wp\/v2\/media?parent=2833"}],"curies":[{"name":"wp","href":"https:\/\/api.w.org\/{rel}","templated":true}]}}