{"id":2835,"date":"2019-07-09T14:56:06","date_gmt":"2019-07-09T14:56:06","guid":{"rendered":"https:\/\/moroccodematravel.com\/wp\/?page_id=2835"},"modified":"2019-07-20T15:44:09","modified_gmt":"2019-07-20T15:44:09","slug":"paseo-camellos","status":"publish","type":"page","link":"https:\/\/moroccodematravel.com\/es\/paseo-camellos\/","title":{"rendered":"Paseo Camellos"},"content":{"rendered":"<h4>Excursi\u00f3n en camello por el desierto de Merzouga 1 hora<\/h4>\n<p>El trekking en camello en el desierto de Merzouga durante 1 hora es para aquellos que quieren experimentar el desierto del Sahara para un corto paseo en camello. Nuestra caminata en camello comienza en el hotel del desierto y usted seguir\u00e1 a un gu\u00eda experimentado que se encargar\u00e1 de todo durante el viaje en camello en el desierto del Sahara.<\/p>\n<p>Esta caminata tomar\u00e1 1 hora y usted disfrutar\u00e1 de un paseo en camello por las dunas del desierto, visitando los oasis del desierto. Luego volvemos al hotel del desierto y usted se deleitar\u00e1 con una taza de t\u00e9 tradicional marroqu\u00ed.<\/p>\n<h4>Excursi\u00f3n en camello al atardecer en el desierto de Merzouga<\/h4>\n<p>La caminata en camello al atardecer en el desierto de Merzouga es una oportunidad ideal para experimentar el desierto del Sahara.<\/p>\n<p>Nuestra caminata en camello comienza en el hotel del desierto y usted seguir\u00e1 a un gu\u00eda experimentado que se encargar\u00e1 de su viaje por el desierto para ver la puesta del sol en el desierto.<\/p>\n<p>Nuestro paseo en camello por el desierto durar\u00e1 unos 30 minutos y llegaremos a la duna m\u00e1s alta de Merzouga, desde donde disfrutar\u00e1 de una hermosa vista. Luego regresamos al hotel del desierto.<\/p>\n<h4>Excursi\u00f3n en camello al amanecer en el desierto de Merzouga<\/h4>\n<p>La excursi\u00f3n en camello al amanecer en el desierto de Merzouga es la oportunidad perfecta para experimentar el desierto del Sahara.<\/p>\n<p>Nuestra caminata en camello comienza en el hotel del desierto y montaremos en camello durante unos 30 minutos para llegar a la duna m\u00e1s alta del desierto de Merzouga. Disfrutaremos de una vista impresionante al amanecer y luego regresaremos a nuestro hotel en el desierto.<\/p>\n","protected":false},"excerpt":{"rendered":"<p>Excursi\u00f3n en camello por el desierto de Merzouga 1 hora&hellip;<\/p>\n","protected":false},"author":1,"featured_media":0,"parent":0,"menu_order":0,"comment_status":"closed","ping_status":"closed","template":"","meta":{"ngg_post_thumbnail":0},"_links":{"self":[{"href":"https:\/\/moroccodematravel.com\/es\/wp-json\/wp\/v2\/pages\/2835"}],"collection":[{"href":"https:\/\/moroccodematravel.com\/es\/wp-json\/wp\/v2\/pages"}],"about":[{"href":"https:\/\/moroccodematravel.com\/es\/wp-json\/wp\/v2\/types\/page"}],"author":[{"embeddable":true,"href":"https:\/\/moroccodematravel.com\/es\/wp-json\/wp\/v2\/users\/1"}],"replies":[{"embeddable":true,"href":"https:\/\/moroccodematravel.com\/es\/wp-json\/wp\/v2\/comments?post=2835"}],"version-history":[{"count":3,"href":"https:\/\/moroccodematravel.com\/es\/wp-json\/wp\/v2\/pages\/2835\/revisions"}],"predecessor-version":[{"id":3031,"href":"https:\/\/moroccodematravel.com\/es\/wp-json\/wp\/v2\/pages\/2835\/revisions\/3031"}],"wp:attachment":[{"href":"https:\/\/moroccodematravel.com\/es\/wp-json\/wp\/v2\/media?parent=2835"}],"curies":[{"name":"wp","href":"https:\/\/api.w.org\/{rel}","templated":true}]}}