{"id":2837,"date":"2019-07-09T15:02:58","date_gmt":"2019-07-09T15:02:58","guid":{"rendered":"https:\/\/moroccodematravel.com\/wp\/?page_id=2837"},"modified":"2019-07-22T15:08:17","modified_gmt":"2019-07-22T15:08:17","slug":"sobre-marruecos","status":"publish","type":"page","link":"https:\/\/moroccodematravel.com\/es\/sobre-marruecos\/","title":{"rendered":"Sobre Marruecos"},"content":{"rendered":"<h2 style=\"text-align: center;\">PAQUETE DE INFORMACI\u00d3N<\/h2>\n<h3 style=\"text-align: center;\">MARRUECOS: la aventura comienza aqu\u00ed&#8230;.<\/h3>\n<p>Marruecos &#8211; el mismo nombre evoca el romance de &lt;&lt;Casablanca&gt;&gt;, las altas monta\u00f1as del Atlas y m\u00e1s all\u00e1 de los cielos vac\u00edos del Gran Desierto del Sahara. Ya sea que decida disfrutar de su c\u00e1lido sol de verano o de sus bellos d\u00edas de invierno, Marruecos le cautivar\u00e1 con una gran cantidad de cosas que ver y hacer. En Marrakech, hermosos jardines y los famosos zocos, con la incesante actividad de la plaza Djemaa El Fna; en Agadir, encontrar\u00e1 kil\u00f3metros de playas de arena fina. \u00danase a uno de nuestros tours y descubrir\u00e1 un reino inigualable por su esplendor hist\u00f3rico, hospitalidad legendaria y una variedad de bellos paisajes poco vistos en un solo pa\u00eds.<\/p>\n<p>Con hoteles desde los sencillos hasta los magn\u00edficos, piscinas de color turquesa, playas doradas, unas vacaciones marroqu\u00edes est\u00e1n tan llenas de valor como de sol. Y sin embargo, Marruecos puede ser mucho m\u00e1s que un r\u00e1pido negocio de vacaciones de bronceado, puede ser una aventura, un viaje de descubrimiento y, sobre todo, una gran diversi\u00f3n. Entra en un antiguo mercado amurallado y rodeate de las vibraciones de un estilo de vida que no ha cambiado en los \u00faltimos 900 a\u00f1os. O aventurarse fuera de los caminos trillados en profundos desfiladeros de monta\u00f1a, tallados en rocas erosionadas por el balbuceo del agua derretida, y todos sus adjetivos no logran capturar la majestuosidad. Y cuando se ven los colores irisados del roc\u00edo ardiente del amanecer en las dunas de arena saharianas, Marruecos se revela como un enigm\u00e1tico camale\u00f3n.<\/p>\n<p>Al norte, las ligeras arenas mediterr\u00e1neas miran a Espa\u00f1a, mientras que las aparentemente interminables playas atl\u00e1nticas son de un magn\u00edfico color amarillo. Desde p\u00e1ramos ondulados frente a monta\u00f1as nevadas, hasta zonas de desierto quemado por el sol salpicadas por oasis de esmeraldas y pueblos rojos ocres, el paisaje cambia con cada milla. Sin embargo, aunque la tierra altere el sombreado, todo es inconfundiblemente marroqu\u00ed. Desde los siempre sonrientes amazighs (bereberes) del Atlas, hasta los miembros de la sociedad de Casablanca, Marruecos es un conjunto orgulloso, y es una tierra que les encanta lucir. Por supuesto, venga a Marruecos para unas vacaciones de playa de calidad a un precio asequible, pero antes de decidirse por una tumbona, \u00bfqu\u00e9 le parecer\u00eda hacer de esto unas vacaciones que realmente recordar\u00e1?<\/p>\n<p>Ya sea que le guste el S\u00e1hara por tierra Rover o camello, hacer senderismo en las monta\u00f1as del Atlas o recorrer suavemente las magn\u00edficas ciudades imperiales, en alguna parte, hay una aventura marroqu\u00ed que le espera para ser descubierta.<\/p>\n<h4>LA VERDAD SOBRE MARRUECOS<\/h4>\n<p>Marruecos es como ning\u00fan otro destino vacacional al alcance de la mano de Europa. Cuando el ondulante conjunto aterriz\u00f3 en excursiones de un d\u00eda desde las cercanas Gibraltar y Espa\u00f1a, o escal\u00f3 desde los primeros vuelos ch\u00e1rter en avi\u00f3n hace unos 16 a\u00f1os, sufrieron una conmoci\u00f3n. En vez de Sombreros encontraron mujeres con velos. En lugar de un esp\u00edritu local malvado, encontraron a los aldeanos fumando en rollos inusualmente fragantes.<\/p>\n<p>Todo esto fue demasiado para Joe Ordinary, y Marruecos nunca lleg\u00f3 a formar parte de la gran liga navide\u00f1a. Sin embargo, Marruecos captur\u00f3 los corazones de m\u00e1s de un par de viajeros exigentes. Los Rolling Stones vinieron por la m\u00fasica, Yves St Laurent por el chic, Winston Churchill por la pintura y Malcolm Forbes por la fiesta m\u00e1s grande de su vida. Pero Marruecos ofrece mucho m\u00e1s que las tradicionales vacaciones de invierno con una tranquilizadora influencia francesa. Marruecos tambi\u00e9n significa la posibilidad de explorar terrenos tan variados como las monta\u00f1as nevadas del Atlas, hasta las onduladas dunas de arena saharianas. Sin embargo, para la mayor\u00eda, Marruecos sigue siendo una inc\u00f3gnita, y aunque siempre estamos dispuestos a responder a sus preguntas por tel\u00e9fono o correo electr\u00f3nico, a continuaci\u00f3n le presentamos algunas de las consultas m\u00e1s comunes:<\/p>\n<h4>\u00bfQu\u00e9 tan seguro es Marruecos?<\/h4>\n<p>Marruecos es mucho m\u00e1s seguro que la mayor\u00eda de los principales destinos tur\u00edsticos del mundo. Los pantalones cortos y las minifaldas Lurex atraen la atenci\u00f3n, especialmente si se llevan fuera de un lugar de culto o deambulando por los mercados tradicionales. Por favor, use un poco de sentido com\u00fan, muestre un poco de respeto por el estilo de vida marroqu\u00ed, y encontrar\u00e1 que este es un lugar c\u00e1lido y acogedor para pasar sus vacaciones. En algunas \u00e1reas, los gu\u00edas no oficiales y los comerciantes persistentes a veces pueden resultar tediosos; en nuestra experiencia, si usted no quiere comprar, o est\u00e1 muy contento de encontrar su propio camino, una negativa cort\u00e9s pero firme es todo lo que se requiere.<\/p>\n<h4>\u00bfQu\u00e9 hay de las manos extendidas?<\/h4>\n<p>En alg\u00fan momento, todo el mundo en Marruecos, y eso vale tambi\u00e9n para los locales, se encuentra con una mano tendida, y les pedimos que sean tolerantes en lugar de ofendidos si se les pide dinero. Un Dirham o dos no har\u00e1 ninguna diferencia en sus vacaciones, sin embargo, puede hacer una gran diferencia para la persona que lo solicita.<\/p>\n<h4>Comida<\/h4>\n<p>Visite Marruecos y le garantizamos que se sorprender\u00e1 con la calidad y variedad de la comida disponible; desde la magn\u00edfica cocina francesa e italiana, hasta las delicias de los men\u00fas tradicionales marroqu\u00edes. De hecho, hemos notado que las recetas marroqu\u00edes han aparecido en un n\u00famero cada vez mayor de revistas y libros de cocina del mundo, as\u00ed que \u00bfpor qu\u00e9 no probar algunas antes de viajar?<\/p>\n<h4>\u00bfEst\u00e1 limpio Marruecos?<\/h4>\n<p>Los est\u00e1ndares de saneamiento son altos, los ayuntamientos emplean ej\u00e9rcitos de limpiadores de calles, y por ley los hoteles frente al mar tienen que preparar sus propias \u00e1reas de playa.<\/p>\n<h4>\u00bfCu\u00e1nto dura el vuelo?<\/h4>\n<p>El vuelo desde el Reino Unido es de aproximadamente 03 horas y 15 minutos a Casablanca y otra media hora a Marrakech, T\u00e1nger y Fez, y otra media hora al nuevo y brillante aeropuerto en las afueras de Agadir. Para poner las cosas en perspectiva, Espa\u00f1a y Gibraltar est\u00e1n a la vista de T\u00e1nger, mientras que las Islas Canarias est\u00e1n cerca de la costa, cerca de Agadir.<\/p>\n<h4>Pasaportes y Visas<\/h4>\n<p>Un pasaporte completo que debe ser v\u00e1lido por lo menos seis meses despu\u00e9s de su regreso es esencial. Los titulares de pasaportes europeos y americanos no necesitan visado para entrar en Marruecos. Los ciudadanos de otros pa\u00edses deben consultar con la Embajada o Consulado de Marruecos sobre el cumplimiento de la normativa vigente.<\/p>\n<h4>INFORMACI\u00d3N PR\u00c1CTICA<\/h4>\n<p><strong>Clima<\/strong><\/p>\n<p>Marruecos &#8211; primavera y oto\u00f1o: 55-75\u00b0F; verano: 65-95\u00b0F; invierno: 45\u201365\u00b0F. Traiga zapatos c\u00f3modos para caminar, un su\u00e9ter, ropa que pueda poner en capas y una chaqueta para todo tiempo. Algunos sitios religiosos pueden requerir vestimenta modesta para entrar (sin pantalones cortos, faldas cortas o camisas sin mangas). En verano, traiga un sombrero y protector solar.<\/p>\n<p><strong>Salud<\/strong><\/p>\n<p>No se requieren vacunas especiales para visitar Marruecos. Consulte a su m\u00e9dico en caso de que le recomiende recargar las vacunas que pueda tener en viajes anteriores, especialmente si va a viajar por el sur. Una p\u00f3liza de seguro m\u00e9dico de viaje es una inversi\u00f3n inteligente antes de salir de casa. En el lugar, evite el exceso de sol; comience con salidas matutinas y vespertinas, y salpique con la loci\u00f3n protectora solar. Es prudente beber agua mineral y evitar puestos de comida dudosos. Si lo peor sucede, cualquier farmacia repartir\u00e1 p\u00edldoras para apresurar su regreso a la salud. En caso de que necesite un m\u00e9dico, la farmacia, su hotel o su consulado pueden recomendarle uno. Por lo general, el agua es apta para beber, pero para estar seguro, especialmente en el sur, hay que utilizar agua mineral embotellada o el t\u00e9 de menta, de reserva nacional.<\/p>\n<p><strong>Turismo Ecol\u00f3gico y Sostenible<\/strong><\/p>\n<p>Apoyamos los esfuerzos mundiales para crear un mundo m\u00e1s respetuoso con el medio ambiente, intolerante de cualquier forma de crueldad, abuso y destrucci\u00f3n intencional del medio ambiente. Para ello, pedimos a nuestros clientes que mantengan un ojo vigilante mientras viajan, y que informen de cualquier abuso que puedan encontrar. Uno de los muchos beneficios del turismo es el conocimiento cultural compartido y, en \u00faltima instancia, la eliminaci\u00f3n de los comportamientos negativos a trav\u00e9s de la educaci\u00f3n. Confiamos en sus buenos comentarios para hacer posible este elemento de simbiosis. A medida que viaja y aprende sobre culturas extranjeras, le pedimos ante todo que practique la tolerancia y el respeto por las costumbres locales.<\/p>\n<p><strong>Tr\u00e1mites<\/strong><\/p>\n<p>Para la mayor\u00eda de los turistas no se requiere visado para entrar en Marruecos; todo lo que necesita es un pasaporte v\u00e1lido. Sin embargo, le recomendamos que consulte con la embajada o consulado marroqu\u00ed m\u00e1s cercano para conocer las regulaciones actualizadas, ya que \u00e9stas pueden cambiar. Usted tiene que llenar un formulario para el departamento de inmigraci\u00f3n a su llegada. Probablemente te saludar\u00e1n en la inspecci\u00f3n de aduanas. La \u00fanica complicaci\u00f3n es el dinero: est\u00e1 prohibido importar o exportar la moneda nacional, el dirham. Pero puede traer la misma cantidad de moneda extranjera antes de salir del pa\u00eds. Las tiendas en la zona de salida del aeropuerto no aceptan dirham, incluso si se trata de contrabando.<\/p>\n<p><strong>Aeropuertos<\/strong><\/p>\n<p>La mayor\u00eda de los vuelos, nacionales e internacionales, convergen en el aeropuerto Mohammed V de Casablanca. La impresionante y moderna terminal contiene una oficina de turismo, mostradores de alquiler de coches, mostradores de cambio de moneda, tiendas, una oficina de correos, bares y restaurantes y una sala de oraci\u00f3n. Hay carros portaequipajes gratuitos. El segundo aeropuerto m\u00e1s concurrido, Agadir, tiene vuelos sin escalas desde y hacia varias capitales europeas. Marrakech, T\u00e1nger y Ouarzazate se encuentran entre otras ciudades con tr\u00e1fico internacional. Los vuelos nacionales de Royal Air Maroc unen las ciudades de Laayoune y Ad&#8217;Dakhla en el extremo sur.<\/p>\n<p>Conducir<\/p>\n<p>Las carreteras son generalmente buenas con autopista entre las principales ciudades. Pero el est\u00e1ndar local de conducir -y caminar, tambi\u00e9n- significa que nunca se puede relajar la vigilancia. Las normas se asemejan a las de Francia; las se\u00f1ales de direcci\u00f3n se escriben normalmente en franc\u00e9s y en \u00e1rabe. Aparte del elemento humano impredecible, como los campesinos y los animales vivos que serpentean por la mitad de una carretera, los peligros incluyen el clima. Las pistas (pistas) en las regiones monta\u00f1osas y des\u00e9rticas pueden ser plegadas por el derretimiento de la nieve o las tormentas repentinas, y la acumulaci\u00f3n de nieve puede afectar a las carreteras de monta\u00f1a entre noviembre y la primavera. La conducci\u00f3n nocturna en general puede ser muy peligrosa, con bicicletas sin luz, animales, baches y otras sorpresas en cada curva. A lo largo de las carreteras se encuentran con frecuencia agradables \u00e1reas de descanso sombreadas por \u00e1rboles con mesas de picnic; est\u00e1n se\u00f1alizadas (Air de repos) con bastante anticipaci\u00f3n. En y alrededor de las ciudades hay muchas gasolineras para elegir, pero aseg\u00farese de llenarlas antes de emprender cualquier excursi\u00f3n por la naturaleza. (Las estaciones que suministran gasolina sin plomo son raras pero est\u00e1n bien se\u00f1alizadas). Los l\u00edmites de velocidad son normalmente de 40 km por hora en las ciudades y de 100 km por hora en la carretera.<\/p>\n<p><strong>Comunicaciones<\/strong><\/p>\n<p>En las estaciones de ferrocarril y de autobuses, en los caf\u00e9s y en otros lugares p\u00fablicos se encuentran tel\u00e9fonos que funcionan con monedas y tarjetas. El servicio de marcaci\u00f3n directa cubre todo el pa\u00eds. Si tienes suficientes monedas, puedes hacer una llamada al extranjero desde un tel\u00e9fono de la esquina de la calle. En la oficina de correos (PTT) normalmente hay un ala separada que se ocupa de las telecomunicaciones. Las llamadas desde la habitaci\u00f3n del hotel suelen conllevar un recargo, que puede ser considerable. El correo funciona de manera relativamente eficiente. El PTT vende sellos, al igual que los lugares que venden tarjetas postales. Para un procesamiento m\u00e1s r\u00e1pido de sus postales con destino a casa, utilice el buz\u00f3n de correos en el PTT.<\/p>\n<p><strong>Gracias sociales<\/strong><\/p>\n<p>Los marroqu\u00edes son amables y abiertos con los visitantes. Mucho apret\u00f3n de manos contin\u00faa, pero eso es m\u00e1s o menos tanta formalidad como la que se puede cumplir. No debe ser demasiado cort\u00e9s; por ejemplo, un camarero puede ofenderse si se le llama &#8220;se\u00f1or&#8221; o se le agradece demasiado efusivamente. Si puedes aprender algunas frases elementales en \u00e1rabe ser\u00e1s recompensado con sonrisas sorprendentes y amabilidad.<\/p>\n<p><strong>Compras<\/strong><\/p>\n<p>Ir de compras en un pa\u00eds extranjero puede ser una experiencia maravillosa. A medida que exploras el pa\u00eds, es posible que encuentres mercanc\u00eda fant\u00e1stica e irrepetible. Puede que consigas magn\u00edficas gangas. Sin embargo, le aconsejamos que tenga cuidado y sentido com\u00fan al realizar cualquier compra. Siempre obtenga un recibo formal. Y recuerde que, al igual que en este pa\u00eds, si un trato parece demasiado bueno para ser verdad, \u00a1probablemente lo sea!<\/p>\n<p><strong>Crimen<\/strong><\/p>\n<p>Llevar la friolera de bankrolls o joyas flash s\u00f3lo tienta al destino. Mantenga los objetos de valor en su hotel a salvo. No deje nada de valor en un coche, visible u oculto, cerrado o desbloqueado. En mercados y terminales abarrotados, tenga cuidado con los carteristas.<\/p>\n<p><strong>N\u00fameros de tel\u00e9fono locales de emergencia en Marruecos<\/strong><\/p>\n<ul>\n<li>Ambulancia\/incendio: 15<\/li>\n<li>Polic\u00eda: 19<\/li>\n<\/ul>\n<p><strong>Idiomas<\/strong><\/p>\n<p>El amazigh y el \u00e1rabe son dos idiomas oficiales. El franc\u00e9s se habla con una facilidad notable en todo el pa\u00eds. El espa\u00f1ol se habla en las regiones del norte y el ingl\u00e9s es de alguna manera limitado, aunque se habla ampliamente en todos los lugares tur\u00edsticos del pa\u00eds.<\/p>\n<p><strong>C\u00f3digo de Conducta<\/strong><\/p>\n<p>Marruecos es un pa\u00eds isl\u00e1mico. Dar la mano es una forma est\u00e1ndar de saludar. Se deben observar las cortes\u00edas normales. La vestimenta informal es aceptable, pero las mujeres deben tener cuidado de vestirse con modestia. La ropa de playa debe limitarse a la playa y a la piscina. Si bien se garantiza la libertad de practicar la propia religi\u00f3n y no se acosa a los no musulmanes, est\u00e1 prohibido el proselitismo, e incluso un debate p\u00fablico sobre la religi\u00f3n puede violar esta restricci\u00f3n.<\/p>\n<p><strong>Vacaciones y fiestas<\/strong><\/p>\n<p>Porque en Marruecos se utilizan dos calendarios -el modelo gregoriano est\u00e1ndar de 365 d\u00edas y el a\u00f1o musulm\u00e1n, que es 11 d\u00edas m\u00e1s corto-, las cosas suelen ser complicadas. El d\u00eda de A\u00f1o Nuevo, un d\u00eda festivo nacional siempre cae el 1 de enero, pero los d\u00edas festivos religiosos siguen un ritmo diferente. Por lo tanto, no hay tal cosa como una fiesta religiosa que siempre ocurre en una cierta estaci\u00f3n. (El mes sagrado del Ramad\u00e1n comienza a finales de septiembre de 2006). Aqu\u00ed est\u00e1 la lista de los d\u00edas festivos no religiosos<\/p>\n<ul>\n<li>1 de enero: A\u00f1o Nuevo<\/li>\n<li>1 de mayo: D\u00eda del Trabajo<\/li>\n<li>23 de mayo: Fiesta Nacional<\/li>\n<li>14 de agosto: D\u00eda de la Lealtad<\/li>\n<li>30 de julio: Coronaci\u00f3n del Rey Mohamed 6<\/li>\n<li>6 de noviembre : Aniversario de la Marcha Verde<\/li>\n<li>18 de noviembre D\u00eda de la Independencia<\/li>\n<\/ul>\n<p><strong>Moneda y tarjetas de cr\u00e9dito<\/strong><\/p>\n<p>La unidad monetaria es el dirham marroqu\u00ed (DH), dividido en 100 c\u00e9ntimos. En la pr\u00e1ctica, los turistas rara vez ven algo m\u00e1s peque\u00f1o que una moneda de medio d\u00f3lar. Las monedas suben a 5 DH. Los billetes se emiten en denominaciones de 20, 50, 100 y 200 DH. Las conocidas tarjetas de cr\u00e9dito como visa, MasterCard y American Express son aceptadas en hoteles, restaurantes y la mayor\u00eda de las tiendas. Es mejor cambiar los cheques de viaje en el banco. Los eurocheques tambi\u00e9n son \u00fatiles en los bancos y en algunas tiendas y hoteles. Siempre tenga su pasaporte con usted como identificaci\u00f3n cuando cambie dinero.<\/p>\n<p><strong>Tiempo<\/strong><\/p>\n<p>Todo el a\u00f1o todo Marruecos est\u00e1 en la hora de Greenwich (GMT), lo que significa que en verano suele estar dos horas por detr\u00e1s de Sud\u00e1frica y el resto de Europa.<\/p>\n<p><strong>Propinas<\/strong><\/p>\n<p>La gente a menudo te hace saber, sutilmente o de otra manera, cuando una propina es apropiada. No olvide a los camareros en caf\u00e9s y restaurantes, porteros en hoteles y terminales, asistentes de ba\u00f1o, taxistas, curadores de museos \u00fatiles y (para nada opcional) esos parqu\u00edmetros humanos (gardiens de voitures).<\/p>\n<p>Propinas sugeridas: (Las propinas son preferencias personales; lo siguiente es s\u00f3lo una gu\u00eda para su conveniencia)<\/p>\n<p>&#8211; Gu\u00eda acompa\u00f1ante: $6 o $7 por persona por d\u00eda<\/p>\n<p>&#8211; Conductor (Proporciona servicios de chofer y asistencia limitada con el equipaje): $3 por persona por d\u00eda.<\/p>\n<p>&#8211; Gu\u00eda Local (Ofrece informaci\u00f3n detallada en lugares espec\u00edficos. Puede haber uno o varios gu\u00edas a lo largo de un programa tur\u00edstico): 2 por persona por medio d\u00eda de visitas tur\u00edsticas<\/p>\n<p>&#8211; Excursiones en coche privado: de 12 a 16 d\u00f3lares por persona y por d\u00eda por cada d\u00eda de visita.<\/p>\n<p>&#8211; Porteador: $1.00 por bolsa por persona<\/p>\n<p>&#8211; Personal de camareros: $1.50 por persona (almuerzo o cena)<\/p>\n<p>&#8211; Camarera: $1.00 por persona por d\u00eda<\/p>\n<p><strong>Radiodifusi\u00f3n<\/strong><\/p>\n<p>Adem\u00e1s de la televisi\u00f3n marroqu\u00ed, en \u00e1rabe y franc\u00e9s, muchos hoteles ofrecen servicio por sat\u00e9lite, retransmitiendo programas de cadenas en franc\u00e9s, italiano, alem\u00e1n e ingl\u00e9s.<\/p>\n<p><strong>Voltaje<\/strong><\/p>\n<p>La mayor parte del suministro del pa\u00eds es de 220 voltios, pero algunos lugares todav\u00eda tienen un suministro de 110 voltios; las tomas son de la variedad continental, con dos clavijas redondas. Es posible que necesite un adaptador de viaje.<\/p>\n","protected":false},"excerpt":{"rendered":"<p>PAQUETE DE INFORMACI\u00d3N MARRUECOS: la aventura comienza aqu\u00ed&#8230;. Marruecos &#8211;&hellip;<\/p>\n","protected":false},"author":1,"featured_media":0,"parent":0,"menu_order":0,"comment_status":"closed","ping_status":"closed","template":"","meta":{"ngg_post_thumbnail":0},"_links":{"self":[{"href":"https:\/\/moroccodematravel.com\/es\/wp-json\/wp\/v2\/pages\/2837"}],"collection":[{"href":"https:\/\/moroccodematravel.com\/es\/wp-json\/wp\/v2\/pages"}],"about":[{"href":"https:\/\/moroccodematravel.com\/es\/wp-json\/wp\/v2\/types\/page"}],"author":[{"embeddable":true,"href":"https:\/\/moroccodematravel.com\/es\/wp-json\/wp\/v2\/users\/1"}],"replies":[{"embeddable":true,"href":"https:\/\/moroccodematravel.com\/es\/wp-json\/wp\/v2\/comments?post=2837"}],"version-history":[{"count":6,"href":"https:\/\/moroccodematravel.com\/es\/wp-json\/wp\/v2\/pages\/2837\/revisions"}],"predecessor-version":[{"id":3156,"href":"https:\/\/moroccodematravel.com\/es\/wp-json\/wp\/v2\/pages\/2837\/revisions\/3156"}],"wp:attachment":[{"href":"https:\/\/moroccodematravel.com\/es\/wp-json\/wp\/v2\/media?parent=2837"}],"curies":[{"name":"wp","href":"https:\/\/api.w.org\/{rel}","templated":true}]}}