{"id":3102,"date":"2019-07-22T14:23:33","date_gmt":"2019-07-22T14:23:33","guid":{"rendered":"https:\/\/moroccodematravel.com\/es\/?page_id=3102"},"modified":"2019-07-22T14:23:33","modified_gmt":"2019-07-22T14:23:33","slug":"nuestra-filosofia","status":"publish","type":"page","link":"https:\/\/moroccodematravel.com\/es\/nuestra-filosofia\/","title":{"rendered":"Nuestra Filosof\u00eda"},"content":{"rendered":"<p>Morocco dema travel es una empresa marroqu\u00ed de gesti\u00f3n de destinos lanzada por un equipo joven y profesional muy entusiasta que ama a Marruecos y est\u00e1 deseoso de compartir su amor por el pa\u00eds con otras personas de todo el mundo. En travel over marruecos, todo el equipo est\u00e1 dedicado a proporcionar servicios creativos personalizados y profundos a cada viajero y a mantener un o\u00eddo atento a sus preocupaciones y necesidades. En definitiva, nuestra filosof\u00eda es dar el mejor servicio a nuestros clientes y asegurarnos de que su viaje sea todo un \u00e9xito.<\/p>\n<p>La principal herramienta de Marruecos dema travel para este \u00e9xito es un equipo de profesionales con una rica experiencia y un amplio conocimiento de la industria del turismo. Seleccionamos cuidadosamente a nuestros conductores ya que son ellos quienes pasan la mayor parte del tiempo con el viajero. Los entrenamos muy bien y les proporcionamos todos los medios para ayudarles a hacer su trabajo de la mejor manera posible. Adem\u00e1s de los conductores, realizamos nuestros tours y traslados en veh\u00edculos espaciosos y muy c\u00f3modos. Nuestros veh\u00edculos le permiten relajarse y disfrutar de los paseos. De hecho, el confort y la idoneidad del veh\u00edculo no es un lujo para el \u00e9xito de cualquier viaje y el equipo que dirige nuestra empresa es muy consciente de ello.<\/p>\n<p>Nuestra filosof\u00eda con los hoteles y riads es mantenernos fieles a los que cuentan con un muy buen servicio. Recomendamos alojamientos basados en su reputaci\u00f3n y, despu\u00e9s de cada viaje, nuestros clientes nos dejan sus impresiones y notas sobre los servicios de cada uno de los hoteles\/Riads. Nos tomamos en serio las evaluaciones de los clientes, lo que define nuestra relaci\u00f3n con las propiedades que proponemos.<\/p>\n<p>En resumen, Travel to all over Morocco es su compa\u00f1ero de viaje de confianza a trav\u00e9s de esta tierra de maravillas!<\/p>\n","protected":false},"excerpt":{"rendered":"<p>Morocco dema travel es una empresa marroqu\u00ed de gesti\u00f3n de&hellip;<\/p>\n","protected":false},"author":1,"featured_media":0,"parent":0,"menu_order":0,"comment_status":"closed","ping_status":"closed","template":"","meta":{"ngg_post_thumbnail":0},"_links":{"self":[{"href":"https:\/\/moroccodematravel.com\/es\/wp-json\/wp\/v2\/pages\/3102"}],"collection":[{"href":"https:\/\/moroccodematravel.com\/es\/wp-json\/wp\/v2\/pages"}],"about":[{"href":"https:\/\/moroccodematravel.com\/es\/wp-json\/wp\/v2\/types\/page"}],"author":[{"embeddable":true,"href":"https:\/\/moroccodematravel.com\/es\/wp-json\/wp\/v2\/users\/1"}],"replies":[{"embeddable":true,"href":"https:\/\/moroccodematravel.com\/es\/wp-json\/wp\/v2\/comments?post=3102"}],"version-history":[{"count":1,"href":"https:\/\/moroccodematravel.com\/es\/wp-json\/wp\/v2\/pages\/3102\/revisions"}],"predecessor-version":[{"id":3103,"href":"https:\/\/moroccodematravel.com\/es\/wp-json\/wp\/v2\/pages\/3102\/revisions\/3103"}],"wp:attachment":[{"href":"https:\/\/moroccodematravel.com\/es\/wp-json\/wp\/v2\/media?parent=3102"}],"curies":[{"name":"wp","href":"https:\/\/api.w.org\/{rel}","templated":true}]}}